{"id":362,"date":"2018-08-30T16:38:57","date_gmt":"2018-08-30T16:38:57","guid":{"rendered":"http:\/\/souzaleaoengenharia.com.br\/wp\/?page_id=362"},"modified":"2025-11-10T17:30:09","modified_gmt":"2025-11-10T17:30:09","slug":"avs","status":"publish","type":"page","link":"http:\/\/souzaleaoengenharia.com.br\/wp\/avs\/","title":{"rendered":"AVS"},"content":{"rendered":"<h2 style=\"text-align: left;\" data-start=\"247\" data-end=\"304\"><strong data-start=\"250\" data-end=\"304\">Certificado de Seguran\u00e7a e de manuten\u00e7\u00e3o( renova\u00e7\u00e3o)\u00a0<\/strong><\/h2>\n<p style=\"text-align: left;\" data-start=\"306\" data-end=\"638\">O <strong data-start=\"308\" data-end=\"336\">Certificado de Seguran\u00e7a<\/strong> \u00e9 o documento oficial emitido pela <strong data-start=\"372\" data-end=\"418\">Prefeitura de S\u00e3o Paulo (SMUL\/CONTRU\/DSUS)<\/strong> que comprova que a edifica\u00e7\u00e3o <strong data-start=\"449\" data-end=\"510\">atende \u00e0s condi\u00e7\u00f5es de seguran\u00e7a contra inc\u00eandio e p\u00e2nico<\/strong>, conforme o <strong data-start=\"523\" data-end=\"577\">C\u00f3digo de Obras e Edifica\u00e7\u00f5es \u2013 Lei n\u00ba 16.642\/2017<\/strong>, o <strong data-start=\"581\" data-end=\"607\">Decreto n\u00ba 57.776\/2017<\/strong> e normas t\u00e9cnicas da <strong data-start=\"629\" data-end=\"637\">ABNT<\/strong>.<\/p>\n<h3 style=\"text-align: left;\" data-start=\"640\" data-end=\"664\"><strong data-start=\"644\" data-end=\"664\">Quando \u00e9 exigido<\/strong><\/h3>\n<p style=\"text-align: left;\" data-start=\"665\" data-end=\"708\">Devem solicitar o Certificado de Seguran\u00e7a:<\/p>\n<ul style=\"text-align: left;\" data-start=\"709\" data-end=\"1113\">\n<li data-start=\"709\" data-end=\"996\">\n<p data-start=\"711\" data-end=\"996\"><strong data-start=\"711\" data-end=\"737\">Edifica\u00e7\u00f5es existentes<\/strong> que possuam <strong data-start=\"750\" data-end=\"784\">espa\u00e7o de circula\u00e7\u00e3o protegido<\/strong> (escadas, rampas ou corredores isolados) e que <strong data-start=\"832\" data-end=\"847\">n\u00e3o possuam<\/strong> Auto de Conclus\u00e3o, Auto de Conserva\u00e7\u00e3o, Auto de Regulariza\u00e7\u00e3o, Auto de Licen\u00e7a de Funcionamento posterior a 2009, AVS ou Certificado de Seguran\u00e7a.<\/p>\n<\/li>\n<li data-start=\"997\" data-end=\"1113\">\n<p data-start=\"999\" data-end=\"1113\">Im\u00f3veis que j\u00e1 possuam Auto de Conclus\u00e3o, mas <strong data-start=\"1045\" data-end=\"1086\">sofreram altera\u00e7\u00f5es f\u00edsicas ou de uso<\/strong> ap\u00f3s a aprova\u00e7\u00e3o original.<\/p>\n<\/li>\n<\/ul>\n<p style=\"text-align: left;\" data-start=\"1115\" data-end=\"1256\">Est\u00e3o <strong data-start=\"1121\" data-end=\"1136\">dispensadas<\/strong> as edifica\u00e7\u00f5es <strong data-start=\"1152\" data-end=\"1168\">residenciais<\/strong> e as <strong data-start=\"1174\" data-end=\"1256\">n\u00e3o residenciais com \u00e1rea acima de 750 m\u00b2 que n\u00e3o tenham circula\u00e7\u00e3o protegida.<\/strong><\/p>\n<h3 style=\"text-align: left;\" data-start=\"1258\" data-end=\"1283\"><strong data-start=\"1262\" data-end=\"1283\">Como \u00e9 o processo<\/strong><\/h3>\n<p style=\"text-align: left;\" data-start=\"1284\" data-end=\"1365\">A solicita\u00e7\u00e3o \u00e9 feita pelo <strong data-start=\"1311\" data-end=\"1336\">Portal Aprova Digital<\/strong>, mediante a apresenta\u00e7\u00e3o de:<\/p>\n<ul style=\"text-align: left;\" data-start=\"1366\" data-end=\"1952\">\n<li data-start=\"1366\" data-end=\"1445\">\n<p data-start=\"1368\" data-end=\"1445\"><strong data-start=\"1368\" data-end=\"1404\">Laudo T\u00e9cnico de Seguran\u00e7a (LTS)<\/strong> elaborado por profissional habilitado;<\/p>\n<\/li>\n<li data-start=\"1446\" data-end=\"1546\">\n<p data-start=\"1448\" data-end=\"1546\"><strong data-start=\"1448\" data-end=\"1498\">Projeto simplificado em formato digital (.DWF)<\/strong>, contendo todos os equipamentos de seguran\u00e7a;<\/p>\n<\/li>\n<li data-start=\"1547\" data-end=\"1626\">\n<p data-start=\"1549\" data-end=\"1626\"><strong data-start=\"1549\" data-end=\"1595\">Memorial descritivo e cronograma das obras<\/strong> de adapta\u00e7\u00e3o, quando houver;<\/p>\n<\/li>\n<li data-start=\"1627\" data-end=\"1691\">\n<p data-start=\"1629\" data-end=\"1691\"><strong data-start=\"1629\" data-end=\"1662\">Certificado de Acessibilidade<\/strong> ou protocolo em andamento;<\/p>\n<\/li>\n<li data-start=\"1692\" data-end=\"1899\">\n<p data-start=\"1694\" data-end=\"1899\"><strong data-start=\"1694\" data-end=\"1716\">Atestados t\u00e9cnicos<\/strong> das instala\u00e7\u00f5es el\u00e9tricas, SPDA, sistemas de combate a inc\u00eandio, g\u00e1s, motogeradores, sprinklers, pressuriza\u00e7\u00e3o, brigada de inc\u00eandio e elevadores, todos acompanhados de <strong data-start=\"1885\" data-end=\"1896\">ART\/RRT<\/strong>;<\/p>\n<\/li>\n<li data-start=\"1900\" data-end=\"1952\">\n<p data-start=\"1902\" data-end=\"1952\"><strong data-start=\"1902\" data-end=\"1918\">AVCB vigente<\/strong> ou atestado t\u00e9cnico substitutivo.<\/p>\n<\/li>\n<\/ul>\n<p style=\"text-align: left;\" data-start=\"1954\" data-end=\"2050\">Ap\u00f3s o protocolo, a <strong data-start=\"1974\" data-end=\"2036\">Prefeitura analisa as condi\u00e7\u00f5es de seguran\u00e7a da edifica\u00e7\u00e3o<\/strong>, verificando:<\/p>\n<ul style=\"text-align: left;\" data-start=\"2051\" data-end=\"2301\">\n<li data-start=\"2051\" data-end=\"2096\">\n<p data-start=\"2053\" data-end=\"2096\">Vias de escoamento e setores de inc\u00eandio;<\/p>\n<\/li>\n<li data-start=\"2097\" data-end=\"2146\">\n<p data-start=\"2099\" data-end=\"2146\">Instala\u00e7\u00f5es el\u00e9tricas e sistemas de prote\u00e7\u00e3o;<\/p>\n<\/li>\n<li data-start=\"2147\" data-end=\"2186\">\n<p data-start=\"2149\" data-end=\"2186\">Equipamentos de combate a inc\u00eandio;<\/p>\n<\/li>\n<li data-start=\"2187\" data-end=\"2230\">\n<p data-start=\"2189\" data-end=\"2230\">Sinaliza\u00e7\u00e3o e ilumina\u00e7\u00e3o de emerg\u00eancia;<\/p>\n<\/li>\n<li data-start=\"2231\" data-end=\"2301\">\n<p data-start=\"2233\" data-end=\"2301\">Conformidade geral com o C\u00f3digo de Obras e legisla\u00e7\u00f5es correlatas.<\/p>\n<\/li>\n<\/ul>\n<p style=\"text-align: left;\" data-start=\"2303\" data-end=\"2474\">Com a aprova\u00e7\u00e3o final, \u00e9 emitido o <strong data-start=\"2338\" data-end=\"2366\">Certificado de Seguran\u00e7a<\/strong>, documento essencial para a <strong data-start=\"2395\" data-end=\"2460\">regulariza\u00e7\u00e3o e funcionamento de edifica\u00e7\u00f5es n\u00e3o residenciais<\/strong> no munic\u00edpio.<\/p>\n<h3 style=\"text-align: left;\" data-start=\"2476\" data-end=\"2528\"><strong data-start=\"2480\" data-end=\"2528\">Servi\u00e7o oferecido pela Souza Le\u00e3o Engenharia<\/strong><\/h3>\n<p style=\"text-align: left;\" data-start=\"2529\" data-end=\"2641\">A <strong data-start=\"2531\" data-end=\"2556\">Souza Le\u00e3o Engenharia<\/strong> presta <strong data-start=\"2564\" data-end=\"2587\">assessoria completa<\/strong> para obten\u00e7\u00e3o do Certificado de Seguran\u00e7a, incluindo:<\/p>\n<ul style=\"text-align: left;\" data-start=\"2642\" data-end=\"2986\">\n<li data-start=\"2642\" data-end=\"2710\">\n<p data-start=\"2644\" data-end=\"2710\">Elabora\u00e7\u00e3o e assinatura do <strong data-start=\"2671\" data-end=\"2707\">Laudo T\u00e9cnico de Seguran\u00e7a (LTS)<\/strong>;<\/p>\n<\/li>\n<li data-start=\"2711\" data-end=\"2780\">\n<p data-start=\"2713\" data-end=\"2780\">Desenvolvimento do <strong data-start=\"2732\" data-end=\"2756\">projeto simplificado<\/strong> e memoriais t\u00e9cnicos;<\/p>\n<\/li>\n<li data-start=\"2781\" data-end=\"2889\">\n<p data-start=\"2783\" data-end=\"2889\">Emiss\u00e3o dos <strong data-start=\"2795\" data-end=\"2886\">atestados t\u00e9cnicos de sistemas el\u00e9tricos, SPDA, combate a inc\u00eandio, g\u00e1s e pressuriza\u00e7\u00e3o<\/strong>;<\/p>\n<\/li>\n<li data-start=\"2890\" data-end=\"2986\">\n<p data-start=\"2892\" data-end=\"2986\">Acompanhamento integral do processo <strong data-start=\"2928\" data-end=\"2950\">junto \u00e0 Prefeitura<\/strong> at\u00e9 a emiss\u00e3o final do certificado.<\/p>\n<\/li>\n<\/ul>\n<p style=\"text-align: left;\" data-start=\"2988\" data-end=\"3095\">Nosso objetivo \u00e9 <strong data-start=\"3005\" data-end=\"3059\">garantir seguran\u00e7a, conformidade legal e agilidade<\/strong> no licenciamento da sua edifica\u00e7\u00e3o.<\/p>\n","protected":false},"excerpt":{"rendered":"<p>Certificado de Seguran\u00e7a e de manuten\u00e7\u00e3o( renova\u00e7\u00e3o)\u00a0 O Certificado de Seguran\u00e7a \u00e9 o documento oficial emitido pela Prefeitura de S\u00e3o Paulo (SMUL\/CONTRU\/DSUS) que comprova que a edifica\u00e7\u00e3o atende \u00e0s condi\u00e7\u00f5es de seguran\u00e7a contra inc\u00eandio e p\u00e2nico, conforme o C\u00f3digo de Obras e Edifica\u00e7\u00f5es \u2013 Lei n\u00ba 16.642\/2017, o Decreto n\u00ba 57.776\/2017 e normas t\u00e9cnicas da <a href=\"http:\/\/souzaleaoengenharia.com.br\/wp\/avs\/\" rel=\"nofollow\"><span class=\"sr-only\">Leia mais sobreAVS<\/span>[&hellip;]<\/a><\/p>\n","protected":false},"author":1,"featured_media":0,"parent":0,"menu_order":0,"comment_status":"closed","ping_status":"closed","template":"","meta":{"_joinchat":[],"footnotes":""},"class_list":["post-362","page","type-page","status-publish","hentry"],"yoast_head":"<!-- This site is optimized with the Yoast SEO plugin v27.5 - https:\/\/yoast.com\/product\/yoast-seo-wordpress\/ -->\n<title>AVS -<\/title>\n<meta name=\"robots\" content=\"index, follow, max-snippet:-1, max-image-preview:large, max-video-preview:-1\" \/>\n<link rel=\"canonical\" href=\"http:\/\/souzaleaoengenharia.com.br\/wp\/avs\/\" \/>\n<meta property=\"og:locale\" content=\"pt_BR\" \/>\n<meta property=\"og:type\" content=\"article\" \/>\n<meta property=\"og:title\" content=\"AVS -\" \/>\n<meta property=\"og:description\" content=\"Certificado de Seguran\u00e7a e de manuten\u00e7\u00e3o( renova\u00e7\u00e3o)\u00a0 O Certificado de Seguran\u00e7a \u00e9 o documento oficial emitido pela Prefeitura de S\u00e3o Paulo (SMUL\/CONTRU\/DSUS) que comprova que a edifica\u00e7\u00e3o atende \u00e0s condi\u00e7\u00f5es de seguran\u00e7a contra inc\u00eandio e p\u00e2nico, conforme o C\u00f3digo de Obras e Edifica\u00e7\u00f5es \u2013 Lei n\u00ba 16.642\/2017, o Decreto n\u00ba 57.776\/2017 e normas t\u00e9cnicas da Leia mais sobreAVS[&hellip;]\" \/>\n<meta property=\"og:url\" content=\"http:\/\/souzaleaoengenharia.com.br\/wp\/avs\/\" \/>\n<meta property=\"article:modified_time\" content=\"2025-11-10T17:30:09+00:00\" \/>\n<meta name=\"twitter:card\" content=\"summary_large_image\" \/>\n<meta name=\"twitter:label1\" content=\"Est. tempo de leitura\" \/>\n\t<meta name=\"twitter:data1\" content=\"3 minutos\" \/>\n<script type=\"application\/ld+json\" class=\"yoast-schema-graph\">{\"@context\":\"https:\\\/\\\/schema.org\",\"@graph\":[{\"@type\":\"WebPage\",\"@id\":\"http:\\\/\\\/souzaleaoengenharia.com.br\\\/wp\\\/avs\\\/\",\"url\":\"http:\\\/\\\/souzaleaoengenharia.com.br\\\/wp\\\/avs\\\/\",\"name\":\"AVS -\",\"isPartOf\":{\"@id\":\"http:\\\/\\\/souzaleaoengenharia.com.br\\\/wp\\\/#website\"},\"datePublished\":\"2018-08-30T16:38:57+00:00\",\"dateModified\":\"2025-11-10T17:30:09+00:00\",\"breadcrumb\":{\"@id\":\"http:\\\/\\\/souzaleaoengenharia.com.br\\\/wp\\\/avs\\\/#breadcrumb\"},\"inLanguage\":\"pt-BR\",\"potentialAction\":[{\"@type\":\"ReadAction\",\"target\":[\"http:\\\/\\\/souzaleaoengenharia.com.br\\\/wp\\\/avs\\\/\"]}]},{\"@type\":\"BreadcrumbList\",\"@id\":\"http:\\\/\\\/souzaleaoengenharia.com.br\\\/wp\\\/avs\\\/#breadcrumb\",\"itemListElement\":[{\"@type\":\"ListItem\",\"position\":1,\"name\":\"In\u00edcio\",\"item\":\"http:\\\/\\\/souzaleaoengenharia.com.br\\\/wp\\\/\"},{\"@type\":\"ListItem\",\"position\":2,\"name\":\"AVS\"}]},{\"@type\":\"WebSite\",\"@id\":\"http:\\\/\\\/souzaleaoengenharia.com.br\\\/wp\\\/#website\",\"url\":\"http:\\\/\\\/souzaleaoengenharia.com.br\\\/wp\\\/\",\"name\":\"\",\"description\":\"\",\"potentialAction\":[{\"@type\":\"SearchAction\",\"target\":{\"@type\":\"EntryPoint\",\"urlTemplate\":\"http:\\\/\\\/souzaleaoengenharia.com.br\\\/wp\\\/?s={search_term_string}\"},\"query-input\":{\"@type\":\"PropertyValueSpecification\",\"valueRequired\":true,\"valueName\":\"search_term_string\"}}],\"inLanguage\":\"pt-BR\"}]}<\/script>\n<!-- \/ Yoast SEO plugin. -->","yoast_head_json":{"title":"AVS -","robots":{"index":"index","follow":"follow","max-snippet":"max-snippet:-1","max-image-preview":"max-image-preview:large","max-video-preview":"max-video-preview:-1"},"canonical":"http:\/\/souzaleaoengenharia.com.br\/wp\/avs\/","og_locale":"pt_BR","og_type":"article","og_title":"AVS -","og_description":"Certificado de Seguran\u00e7a e de manuten\u00e7\u00e3o( renova\u00e7\u00e3o)\u00a0 O Certificado de Seguran\u00e7a \u00e9 o documento oficial emitido pela Prefeitura de S\u00e3o Paulo (SMUL\/CONTRU\/DSUS) que comprova que a edifica\u00e7\u00e3o atende \u00e0s condi\u00e7\u00f5es de seguran\u00e7a contra inc\u00eandio e p\u00e2nico, conforme o C\u00f3digo de Obras e Edifica\u00e7\u00f5es \u2013 Lei n\u00ba 16.642\/2017, o Decreto n\u00ba 57.776\/2017 e normas t\u00e9cnicas da Leia mais sobreAVS[&hellip;]","og_url":"http:\/\/souzaleaoengenharia.com.br\/wp\/avs\/","article_modified_time":"2025-11-10T17:30:09+00:00","twitter_card":"summary_large_image","twitter_misc":{"Est. tempo de leitura":"3 minutos"},"schema":{"@context":"https:\/\/schema.org","@graph":[{"@type":"WebPage","@id":"http:\/\/souzaleaoengenharia.com.br\/wp\/avs\/","url":"http:\/\/souzaleaoengenharia.com.br\/wp\/avs\/","name":"AVS -","isPartOf":{"@id":"http:\/\/souzaleaoengenharia.com.br\/wp\/#website"},"datePublished":"2018-08-30T16:38:57+00:00","dateModified":"2025-11-10T17:30:09+00:00","breadcrumb":{"@id":"http:\/\/souzaleaoengenharia.com.br\/wp\/avs\/#breadcrumb"},"inLanguage":"pt-BR","potentialAction":[{"@type":"ReadAction","target":["http:\/\/souzaleaoengenharia.com.br\/wp\/avs\/"]}]},{"@type":"BreadcrumbList","@id":"http:\/\/souzaleaoengenharia.com.br\/wp\/avs\/#breadcrumb","itemListElement":[{"@type":"ListItem","position":1,"name":"In\u00edcio","item":"http:\/\/souzaleaoengenharia.com.br\/wp\/"},{"@type":"ListItem","position":2,"name":"AVS"}]},{"@type":"WebSite","@id":"http:\/\/souzaleaoengenharia.com.br\/wp\/#website","url":"http:\/\/souzaleaoengenharia.com.br\/wp\/","name":"","description":"","potentialAction":[{"@type":"SearchAction","target":{"@type":"EntryPoint","urlTemplate":"http:\/\/souzaleaoengenharia.com.br\/wp\/?s={search_term_string}"},"query-input":{"@type":"PropertyValueSpecification","valueRequired":true,"valueName":"search_term_string"}}],"inLanguage":"pt-BR"}]}},"_links":{"self":[{"href":"http:\/\/souzaleaoengenharia.com.br\/wp\/wp-json\/wp\/v2\/pages\/362","targetHints":{"allow":["GET"]}}],"collection":[{"href":"http:\/\/souzaleaoengenharia.com.br\/wp\/wp-json\/wp\/v2\/pages"}],"about":[{"href":"http:\/\/souzaleaoengenharia.com.br\/wp\/wp-json\/wp\/v2\/types\/page"}],"author":[{"embeddable":true,"href":"http:\/\/souzaleaoengenharia.com.br\/wp\/wp-json\/wp\/v2\/users\/1"}],"replies":[{"embeddable":true,"href":"http:\/\/souzaleaoengenharia.com.br\/wp\/wp-json\/wp\/v2\/comments?post=362"}],"version-history":[{"count":3,"href":"http:\/\/souzaleaoengenharia.com.br\/wp\/wp-json\/wp\/v2\/pages\/362\/revisions"}],"predecessor-version":[{"id":560,"href":"http:\/\/souzaleaoengenharia.com.br\/wp\/wp-json\/wp\/v2\/pages\/362\/revisions\/560"}],"wp:attachment":[{"href":"http:\/\/souzaleaoengenharia.com.br\/wp\/wp-json\/wp\/v2\/media?parent=362"}],"curies":[{"name":"wp","href":"https:\/\/api.w.org\/{rel}","templated":true}]}}