{"id":366,"date":"2018-08-30T16:41:35","date_gmt":"2018-08-30T16:41:35","guid":{"rendered":"http:\/\/souzaleaoengenharia.com.br\/wp\/?page_id=366"},"modified":"2018-09-03T18:09:42","modified_gmt":"2018-09-03T18:09:42","slug":"auto-de-regularizacao","status":"publish","type":"page","link":"http:\/\/souzaleaoengenharia.com.br\/wp\/auto-de-regularizacao\/","title":{"rendered":"Auto de Regulariza\u00e7\u00e3o"},"content":{"rendered":"<p><strong>AUTO DE REGULARIZA\u00c7\u00c3O:<\/strong><\/p>\n<p>&nbsp;<\/p>\n<p>A Prefeitura expede Certificado de Regulariza\u00e7\u00e3o quando da conclus\u00e3o de obra ou servi\u00e7o executado sem pr\u00e9via licen\u00e7a da Prefeitura, para o qual seja obrigat\u00f3ria a emiss\u00e3o de Alvar\u00e1 de Execu\u00e7\u00e3o, desde que observadas:<\/p>\n<p>I \u2013 As prescri\u00e7\u00f5es da LOE e LPUOS vigentes durante o per\u00edodo da constru\u00e7\u00e3o e a edifica\u00e7\u00e3o devem estar adaptadas \u00e0s condi\u00e7\u00f5es de seguran\u00e7a e acessibilidade estabelecidas neste C\u00f3digo;<\/p>\n<p>II \u2013 A legisla\u00e7\u00e3o edil\u00edcia e urban\u00edstica vigente na ocasi\u00e3o da emiss\u00e3o do Certificado de Regulariza\u00e7\u00e3o.<\/p>\n<p>&nbsp;<\/p>\n<p>Documenta\u00e7\u00e3o necess\u00e1ria (<a href=\"http:\/\/legislacao.prefeitura.sp.gov.br\/comp\/?pId=17481\">estabelecida na Portaria n\u00ba 221\/SMUL-G\/2017<\/a>):<\/p>\n<p>1.Levantamento planialtim\u00e9trico para verifica\u00e7\u00e3o das dimens\u00f5es, \u00e1rea e localiza\u00e7\u00e3o do im\u00f3vel, quando necess\u00e1rio.<\/p>\n<p>2.No tocante \u00e0 parte da edifica\u00e7\u00e3o existente considerada regular deve ser apresentada documenta\u00e7\u00e3o que comprove a sua regularidade, tais como:<\/p>\n<p>3.Planta aprovada acompanhada de \u201chabite-se\u201d, ou Auto de Vistoria ou Certificado de Conclus\u00e3o;<\/p>\n<p>4.Planta regularizada com Auto de Regulariza\u00e7\u00e3o correspondente ou constar como regular no setor de edifica\u00e7\u00f5es regulares do Cadastro de Edifica\u00e7\u00f5es do Munic\u00edpio.<\/p>\n<p>5.Pe\u00e7as gr\u00e1ficas do projeto simplificado da edifica\u00e7\u00e3o executada, contendo todos os elementos para a caracteriza\u00e7\u00e3o da regulariza\u00e7\u00e3o da edifica\u00e7\u00e3o, com folha de rosto no padr\u00e3o Prefeitura.<\/p>\n<p>6.Declara\u00e7\u00f5es assinadas pelo profissional habilitado:<\/p>\n<p>6.1De conformidade da edifica\u00e7\u00e3o no que diz respeito aos aspectos interiores da edifica\u00e7\u00e3o em rela\u00e7\u00e3o \u00e0s disposi\u00e7\u00f5es do COE e legisla\u00e7\u00e3o correlata;<\/p>\n<p>6.2Do cumprimento dos itens aplic\u00e1veis \u00e0 edifica\u00e7\u00e3o de acordo com o que disp\u00f5e a legisla\u00e7\u00e3o municipal, NBR 9050 e legisla\u00e7\u00e3o correlata.<\/p>\n<p>6.3Auto de Vistoria do Corpo de Bombeiros \u2013 AVCB para locais de reuni\u00e3o com capacidade superior a 100 (cem) pessoas e edifica\u00e7\u00f5es n\u00e3o residenciais com \u00e1rea superior a 750,00 m2 (setecentos e cinquenta metros quadrados), dispensado para edifica\u00e7\u00f5es residenciais unifamiliares e para os conjuntos habitacionais agrupados horizontalmente.<\/p>\n<p>6.4Certificado de Seguran\u00e7a ou documento equivalente nos casos em que a edifica\u00e7\u00e3o necessitar de Sistema Especial de Seguran\u00e7a;<\/p>\n<p>6.5Certificado de Quita\u00e7\u00e3o do Imposto Sobre Servi\u00e7os \u2013 ISS relativo \u00e0 obra ou ao servi\u00e7o executado.<\/p>\n<p>6.6Foto a\u00e9rea comprovando a \u00e9poca da conclus\u00e3o da edifica\u00e7\u00e3o para os processos enquadrados no inciso I do artigo 36 e no artigo 109 do COE.<\/p>\n","protected":false},"excerpt":{"rendered":"<p>AUTO DE REGULARIZA\u00c7\u00c3O: &nbsp; A Prefeitura expede Certificado de Regulariza\u00e7\u00e3o quando da conclus\u00e3o de obra ou servi\u00e7o executado sem pr\u00e9via licen\u00e7a da Prefeitura, para o qual seja obrigat\u00f3ria a emiss\u00e3o de Alvar\u00e1 de Execu\u00e7\u00e3o, desde que observadas: I \u2013 As prescri\u00e7\u00f5es da LOE e LPUOS vigentes durante o per\u00edodo da constru\u00e7\u00e3o e a edifica\u00e7\u00e3o devem <a href=\"http:\/\/souzaleaoengenharia.com.br\/wp\/auto-de-regularizacao\/\" rel=\"nofollow\"><span class=\"sr-only\">Leia mais sobreAuto de Regulariza\u00e7\u00e3o<\/span>[&hellip;]<\/a><\/p>\n","protected":false},"author":1,"featured_media":0,"parent":0,"menu_order":0,"comment_status":"closed","ping_status":"closed","template":"","meta":{"_joinchat":[],"footnotes":""},"class_list":["post-366","page","type-page","status-publish","hentry"],"yoast_head":"<!-- This site is optimized with the Yoast SEO plugin v27.5 - https:\/\/yoast.com\/product\/yoast-seo-wordpress\/ -->\n<title>Auto de Regulariza\u00e7\u00e3o -<\/title>\n<meta name=\"robots\" content=\"index, follow, max-snippet:-1, max-image-preview:large, max-video-preview:-1\" \/>\n<link rel=\"canonical\" href=\"http:\/\/souzaleaoengenharia.com.br\/wp\/auto-de-regularizacao\/\" \/>\n<meta property=\"og:locale\" content=\"pt_BR\" \/>\n<meta property=\"og:type\" content=\"article\" \/>\n<meta property=\"og:title\" content=\"Auto de Regulariza\u00e7\u00e3o -\" \/>\n<meta property=\"og:description\" content=\"AUTO DE REGULARIZA\u00c7\u00c3O: &nbsp; A Prefeitura expede Certificado de Regulariza\u00e7\u00e3o quando da conclus\u00e3o de obra ou servi\u00e7o executado sem pr\u00e9via licen\u00e7a da Prefeitura, para o qual seja obrigat\u00f3ria a emiss\u00e3o de Alvar\u00e1 de Execu\u00e7\u00e3o, desde que observadas: I \u2013 As prescri\u00e7\u00f5es da LOE e LPUOS vigentes durante o per\u00edodo da constru\u00e7\u00e3o e a edifica\u00e7\u00e3o devem Leia mais sobreAuto de Regulariza\u00e7\u00e3o[&hellip;]\" \/>\n<meta property=\"og:url\" content=\"http:\/\/souzaleaoengenharia.com.br\/wp\/auto-de-regularizacao\/\" \/>\n<meta property=\"article:modified_time\" content=\"2018-09-03T18:09:42+00:00\" \/>\n<meta name=\"twitter:card\" content=\"summary_large_image\" \/>\n<meta name=\"twitter:label1\" content=\"Est. tempo de leitura\" \/>\n\t<meta name=\"twitter:data1\" content=\"2 minutos\" \/>\n<script type=\"application\/ld+json\" class=\"yoast-schema-graph\">{\"@context\":\"https:\\\/\\\/schema.org\",\"@graph\":[{\"@type\":\"WebPage\",\"@id\":\"http:\\\/\\\/souzaleaoengenharia.com.br\\\/wp\\\/auto-de-regularizacao\\\/\",\"url\":\"http:\\\/\\\/souzaleaoengenharia.com.br\\\/wp\\\/auto-de-regularizacao\\\/\",\"name\":\"Auto de Regulariza\u00e7\u00e3o -\",\"isPartOf\":{\"@id\":\"http:\\\/\\\/souzaleaoengenharia.com.br\\\/wp\\\/#website\"},\"datePublished\":\"2018-08-30T16:41:35+00:00\",\"dateModified\":\"2018-09-03T18:09:42+00:00\",\"breadcrumb\":{\"@id\":\"http:\\\/\\\/souzaleaoengenharia.com.br\\\/wp\\\/auto-de-regularizacao\\\/#breadcrumb\"},\"inLanguage\":\"pt-BR\",\"potentialAction\":[{\"@type\":\"ReadAction\",\"target\":[\"http:\\\/\\\/souzaleaoengenharia.com.br\\\/wp\\\/auto-de-regularizacao\\\/\"]}]},{\"@type\":\"BreadcrumbList\",\"@id\":\"http:\\\/\\\/souzaleaoengenharia.com.br\\\/wp\\\/auto-de-regularizacao\\\/#breadcrumb\",\"itemListElement\":[{\"@type\":\"ListItem\",\"position\":1,\"name\":\"In\u00edcio\",\"item\":\"http:\\\/\\\/souzaleaoengenharia.com.br\\\/wp\\\/\"},{\"@type\":\"ListItem\",\"position\":2,\"name\":\"Auto de Regulariza\u00e7\u00e3o\"}]},{\"@type\":\"WebSite\",\"@id\":\"http:\\\/\\\/souzaleaoengenharia.com.br\\\/wp\\\/#website\",\"url\":\"http:\\\/\\\/souzaleaoengenharia.com.br\\\/wp\\\/\",\"name\":\"\",\"description\":\"\",\"potentialAction\":[{\"@type\":\"SearchAction\",\"target\":{\"@type\":\"EntryPoint\",\"urlTemplate\":\"http:\\\/\\\/souzaleaoengenharia.com.br\\\/wp\\\/?s={search_term_string}\"},\"query-input\":{\"@type\":\"PropertyValueSpecification\",\"valueRequired\":true,\"valueName\":\"search_term_string\"}}],\"inLanguage\":\"pt-BR\"}]}<\/script>\n<!-- \/ Yoast SEO plugin. -->","yoast_head_json":{"title":"Auto de Regulariza\u00e7\u00e3o -","robots":{"index":"index","follow":"follow","max-snippet":"max-snippet:-1","max-image-preview":"max-image-preview:large","max-video-preview":"max-video-preview:-1"},"canonical":"http:\/\/souzaleaoengenharia.com.br\/wp\/auto-de-regularizacao\/","og_locale":"pt_BR","og_type":"article","og_title":"Auto de Regulariza\u00e7\u00e3o -","og_description":"AUTO DE REGULARIZA\u00c7\u00c3O: &nbsp; A Prefeitura expede Certificado de Regulariza\u00e7\u00e3o quando da conclus\u00e3o de obra ou servi\u00e7o executado sem pr\u00e9via licen\u00e7a da Prefeitura, para o qual seja obrigat\u00f3ria a emiss\u00e3o de Alvar\u00e1 de Execu\u00e7\u00e3o, desde que observadas: I \u2013 As prescri\u00e7\u00f5es da LOE e LPUOS vigentes durante o per\u00edodo da constru\u00e7\u00e3o e a edifica\u00e7\u00e3o devem Leia mais sobreAuto de Regulariza\u00e7\u00e3o[&hellip;]","og_url":"http:\/\/souzaleaoengenharia.com.br\/wp\/auto-de-regularizacao\/","article_modified_time":"2018-09-03T18:09:42+00:00","twitter_card":"summary_large_image","twitter_misc":{"Est. tempo de leitura":"2 minutos"},"schema":{"@context":"https:\/\/schema.org","@graph":[{"@type":"WebPage","@id":"http:\/\/souzaleaoengenharia.com.br\/wp\/auto-de-regularizacao\/","url":"http:\/\/souzaleaoengenharia.com.br\/wp\/auto-de-regularizacao\/","name":"Auto de Regulariza\u00e7\u00e3o -","isPartOf":{"@id":"http:\/\/souzaleaoengenharia.com.br\/wp\/#website"},"datePublished":"2018-08-30T16:41:35+00:00","dateModified":"2018-09-03T18:09:42+00:00","breadcrumb":{"@id":"http:\/\/souzaleaoengenharia.com.br\/wp\/auto-de-regularizacao\/#breadcrumb"},"inLanguage":"pt-BR","potentialAction":[{"@type":"ReadAction","target":["http:\/\/souzaleaoengenharia.com.br\/wp\/auto-de-regularizacao\/"]}]},{"@type":"BreadcrumbList","@id":"http:\/\/souzaleaoengenharia.com.br\/wp\/auto-de-regularizacao\/#breadcrumb","itemListElement":[{"@type":"ListItem","position":1,"name":"In\u00edcio","item":"http:\/\/souzaleaoengenharia.com.br\/wp\/"},{"@type":"ListItem","position":2,"name":"Auto de Regulariza\u00e7\u00e3o"}]},{"@type":"WebSite","@id":"http:\/\/souzaleaoengenharia.com.br\/wp\/#website","url":"http:\/\/souzaleaoengenharia.com.br\/wp\/","name":"","description":"","potentialAction":[{"@type":"SearchAction","target":{"@type":"EntryPoint","urlTemplate":"http:\/\/souzaleaoengenharia.com.br\/wp\/?s={search_term_string}"},"query-input":{"@type":"PropertyValueSpecification","valueRequired":true,"valueName":"search_term_string"}}],"inLanguage":"pt-BR"}]}},"_links":{"self":[{"href":"http:\/\/souzaleaoengenharia.com.br\/wp\/wp-json\/wp\/v2\/pages\/366","targetHints":{"allow":["GET"]}}],"collection":[{"href":"http:\/\/souzaleaoengenharia.com.br\/wp\/wp-json\/wp\/v2\/pages"}],"about":[{"href":"http:\/\/souzaleaoengenharia.com.br\/wp\/wp-json\/wp\/v2\/types\/page"}],"author":[{"embeddable":true,"href":"http:\/\/souzaleaoengenharia.com.br\/wp\/wp-json\/wp\/v2\/users\/1"}],"replies":[{"embeddable":true,"href":"http:\/\/souzaleaoengenharia.com.br\/wp\/wp-json\/wp\/v2\/comments?post=366"}],"version-history":[{"count":5,"href":"http:\/\/souzaleaoengenharia.com.br\/wp\/wp-json\/wp\/v2\/pages\/366\/revisions"}],"predecessor-version":[{"id":423,"href":"http:\/\/souzaleaoengenharia.com.br\/wp\/wp-json\/wp\/v2\/pages\/366\/revisions\/423"}],"wp:attachment":[{"href":"http:\/\/souzaleaoengenharia.com.br\/wp\/wp-json\/wp\/v2\/media?parent=366"}],"curies":[{"name":"wp","href":"https:\/\/api.w.org\/{rel}","templated":true}]}}